{"id":3,"date":"2026-01-15T11:11:23","date_gmt":"2026-01-15T11:11:23","guid":{"rendered":"https:\/\/dastarxan.de\/?page_id=3"},"modified":"2026-01-15T13:38:21","modified_gmt":"2026-01-15T13:38:21","slug":"privacy-policy","status":"publish","type":"page","link":"https:\/\/dastarxan.de\/index.php\/privacy-policy\/","title":{"rendered":"Impressum"},"content":{"rendered":"\n<p><strong>BIG-PAN GmbH<\/strong><\/p>\n\n\n\n<p>Sandstr. 53A<br>40878 Ratingen<br>Deutschland<br><br><\/p>\n\n\n\n<p>Telefon: +4921025579831<\/p>\n\n\n\n<p>Fax: +4921025579832<\/p>\n\n\n\n<p>Mail: info@big-pan.de<\/p>\n\n\n\n<p>Gesch\u00e4ftsf\u00fchrer: Ivan Baliesnyi, Alexander Genusov<\/p>\n\n\n\n<p>Handelsregister: Amtsgericht D\u00fcsseldorf, HRB 98772<\/p>\n\n\n\n<p>Umsatzsteuer-Identifikationsnummer(n): DE357872543<\/p>\n\n\n\n<p>Die Europ\u00e4ische Kommission stellt eine Plattform zur Online-Streitbeilegung (OS) bereit, die Sie hier finden <a href=\"https:\/\/ec.europa.eu\/consumers\/odr\/\" target=\"_blank\" rel=\"noreferrer noopener\">https:\/\/ec.europa.eu\/consumers\/odr\/<\/a>. Wir sind bereit, an einem au\u00dfergerichtlichen Schlichtungsverfahren vor einer Verbraucherschlichtungsstelle teilzunehmen. Zust\u00e4ndig ist die Universalschlichtungsstelle des Bundes am Zentrum f\u00fcr Schlichtung e.V., Stra\u00dfburger Stra\u00dfe 8, 77694 Kehl am Rhein, <a href=\"https:\/\/www.verbraucher-schlichter.de%20\" target=\"_blank\" rel=\"noreferrer noopener\">www.verbraucher-schlichter.de<\/a>.<\/p>\n\n\n\n<p>Hinweise zu Urheberrechten bzgl. der von uns verwendeten Bilder auf dieser Webseite:<\/p>\n\n\n\n<p>Auf der Web-Seite werden kostenlose &amp; lizenzfreie Bilder von www.pixabay.com Plattform verwendet. Einige Bilder sind vollst\u00e4ndig oder zum Teil mit KI bearbeitet. <\/p>\n","protected":false},"excerpt":{"rendered":"<p>BIG-PAN GmbH Sandstr. 53A40878 RatingenDeutschland Telefon: +4921025579831 Fax: +4921025579832 Mail: info@big-pan.de Gesch\u00e4ftsf\u00fchrer: Ivan Baliesnyi, Alexander Genusov Handelsregister: Amtsgericht D\u00fcsseldorf, HRB 98772 Umsatzsteuer-Identifikationsnummer(n): DE357872543 Die Europ\u00e4ische Kommission stellt eine Plattform zur Online-Streitbeilegung (OS) bereit, die Sie hier finden https:\/\/ec.europa.eu\/consumers\/odr\/. Wir sind bereit, an einem au\u00dfergerichtlichen Schlichtungsverfahren vor einer Verbraucherschlichtungsstelle teilzunehmen. Zust\u00e4ndig ist die Universalschlichtungsstelle des Bundes [&hellip;]<\/p>\n","protected":false},"author":1,"featured_media":0,"parent":0,"menu_order":0,"comment_status":"closed","ping_status":"open","template":"","meta":{"footnotes":""},"class_list":["post-3","page","type-page","status-publish","hentry"],"_links":{"self":[{"href":"https:\/\/dastarxan.de\/index.php\/wp-json\/wp\/v2\/pages\/3","targetHints":{"allow":["GET"]}}],"collection":[{"href":"https:\/\/dastarxan.de\/index.php\/wp-json\/wp\/v2\/pages"}],"about":[{"href":"https:\/\/dastarxan.de\/index.php\/wp-json\/wp\/v2\/types\/page"}],"author":[{"embeddable":true,"href":"https:\/\/dastarxan.de\/index.php\/wp-json\/wp\/v2\/users\/1"}],"replies":[{"embeddable":true,"href":"https:\/\/dastarxan.de\/index.php\/wp-json\/wp\/v2\/comments?post=3"}],"version-history":[{"count":1,"href":"https:\/\/dastarxan.de\/index.php\/wp-json\/wp\/v2\/pages\/3\/revisions"}],"predecessor-version":[{"id":25,"href":"https:\/\/dastarxan.de\/index.php\/wp-json\/wp\/v2\/pages\/3\/revisions\/25"}],"wp:attachment":[{"href":"https:\/\/dastarxan.de\/index.php\/wp-json\/wp\/v2\/media?parent=3"}],"curies":[{"name":"wp","href":"https:\/\/api.w.org\/{rel}","templated":true}]}}